{"id":16,"date":"2023-03-23T16:55:31","date_gmt":"2023-03-23T16:55:31","guid":{"rendered":"https:\/\/intellectime.com.mx\/?page_id=16"},"modified":"2023-03-28T17:27:42","modified_gmt":"2023-03-28T17:27:42","slug":"conocenos","status":"publish","type":"page","link":"https:\/\/intellectime.com.mx\/?page_id=16","title":{"rendered":"Con\u00f3cenos"},"content":{"rendered":"\n<p><strong>Intellectime<\/strong>&nbsp;es asesor\u00eda especializada en Propiedad Intelectual enfocada a la innovaci\u00f3n. Su misi\u00f3n es contribuir directamente al logro de invenciones competentes y competitivas brindando asesor\u00eda en dise\u00f1o de proyectos cient\u00edficos, as\u00ed como el tr\u00e1mite y gesti\u00f3n de patentes. Su caracter\u00edstica principal es la aportaci\u00f3n de una estrategia metodol\u00f3gica para la realizaci\u00f3n de invenciones que aseguren la calidad inventiva, para la adecuada protecci\u00f3n por autoridades de propiedad industrial nacionales e internacionales. Est\u00e1 dirigida a:<\/p>\n\n\n\n<ul class=\"wp-block-list\">\n<li>Centros de Investigaci\u00f3n aplicada<\/li>\n\n\n\n<li>Universidades<\/li>\n\n\n\n<li>Investigadores independientes<\/li>\n\n\n\n<li>Sector empresarial<\/li>\n<\/ul>\n","protected":false},"excerpt":{"rendered":"<p>Intellectime&nbsp;es asesor\u00eda especializada en Propiedad Intelectual enfocada a la innovaci\u00f3n. Su misi\u00f3n es contribuir directamente al logro de invenciones competentes y competitivas brindando asesor\u00eda en dise\u00f1o de proyectos cient\u00edficos, as\u00ed como el tr\u00e1mite y gesti\u00f3n de patentes. Su caracter\u00edstica principal &hellip; <\/p>\n","protected":false},"author":1,"featured_media":0,"parent":0,"menu_order":0,"comment_status":"closed","ping_status":"closed","template":"","meta":{"footnotes":""},"class_list":["post-16","page","type-page","status-publish","hentry"],"yoast_head":"<!-- This site is optimized with the Yoast SEO plugin v20.8 - https:\/\/yoast.com\/wordpress\/plugins\/seo\/ -->\n<title>Con\u00f3cenos - Intellectime<\/title>\n<meta name=\"description\" content=\"Intellectime\u00a0es asesor\u00eda especializada en Propiedad Intelectual enfocada a la innovaci\u00f3n. Su misi\u00f3n es contribuir directamente al logro de invenciones competentes y competitivas brindando asesor\u00eda en dise\u00f1o de proyectos cient\u00edficos, as\u00ed como el tr\u00e1mite y gesti\u00f3n de patentes\" \/>\n<meta name=\"robots\" content=\"index, follow, max-snippet:-1, max-image-preview:large, max-video-preview:-1\" \/>\n<link rel=\"canonical\" href=\"https:\/\/intellectime.com.mx\/?page_id=16\" \/>\n<meta property=\"og:locale\" content=\"es_MX\" \/>\n<meta property=\"og:type\" content=\"article\" \/>\n<meta property=\"og:title\" content=\"Con\u00f3cenos - Intellectime\" \/>\n<meta property=\"og:description\" content=\"Intellectime\u00a0es asesor\u00eda especializada en Propiedad Intelectual enfocada a la innovaci\u00f3n. Su misi\u00f3n es contribuir directamente al logro de invenciones competentes y competitivas brindando asesor\u00eda en dise\u00f1o de proyectos cient\u00edficos, as\u00ed como el tr\u00e1mite y gesti\u00f3n de patentes\" \/>\n<meta property=\"og:url\" content=\"https:\/\/intellectime.com.mx\/?page_id=16\" \/>\n<meta property=\"og:site_name\" content=\"Intellectime\" \/>\n<meta property=\"article:modified_time\" content=\"2023-03-28T17:27:42+00:00\" \/>\n<meta name=\"twitter:card\" content=\"summary_large_image\" \/>\n<meta name=\"twitter:label1\" content=\"Tiempo de lectura\" \/>\n\t<meta name=\"twitter:data1\" content=\"1 minuto\" \/>\n<script type=\"application\/ld+json\" class=\"yoast-schema-graph\">{\"@context\":\"https:\/\/schema.org\",\"@graph\":[{\"@type\":\"WebPage\",\"@id\":\"https:\/\/intellectime.com.mx\/?page_id=16\",\"url\":\"https:\/\/intellectime.com.mx\/?page_id=16\",\"name\":\"Con\u00f3cenos - Intellectime\",\"isPartOf\":{\"@id\":\"https:\/\/intellectime.com.mx\/#website\"},\"datePublished\":\"2023-03-23T16:55:31+00:00\",\"dateModified\":\"2023-03-28T17:27:42+00:00\",\"description\":\"Intellectime\u00a0es asesor\u00eda especializada en Propiedad Intelectual enfocada a la innovaci\u00f3n. Su misi\u00f3n es contribuir directamente al logro de invenciones competentes y competitivas brindando asesor\u00eda en dise\u00f1o de proyectos cient\u00edficos, as\u00ed como el tr\u00e1mite y gesti\u00f3n de patentes\",\"breadcrumb\":{\"@id\":\"https:\/\/intellectime.com.mx\/?page_id=16#breadcrumb\"},\"inLanguage\":\"es\",\"potentialAction\":[{\"@type\":\"ReadAction\",\"target\":[\"https:\/\/intellectime.com.mx\/?page_id=16\"]}]},{\"@type\":\"BreadcrumbList\",\"@id\":\"https:\/\/intellectime.com.mx\/?page_id=16#breadcrumb\",\"itemListElement\":[{\"@type\":\"ListItem\",\"position\":1,\"name\":\"Inicio\",\"item\":\"https:\/\/intellectime.com.mx\/\"},{\"@type\":\"ListItem\",\"position\":2,\"name\":\"Con\u00f3cenos\"}]},{\"@type\":\"WebSite\",\"@id\":\"https:\/\/intellectime.com.mx\/#website\",\"url\":\"https:\/\/intellectime.com.mx\/\",\"name\":\"Intellectime\",\"description\":\"Asesoria especializada en Propiedad Intelectual\",\"publisher\":{\"@id\":\"https:\/\/intellectime.com.mx\/#organization\"},\"potentialAction\":[{\"@type\":\"SearchAction\",\"target\":{\"@type\":\"EntryPoint\",\"urlTemplate\":\"https:\/\/intellectime.com.mx\/?s={search_term_string}\"},\"query-input\":\"required name=search_term_string\"}],\"inLanguage\":\"es\"},{\"@type\":\"Organization\",\"@id\":\"https:\/\/intellectime.com.mx\/#organization\",\"name\":\"Intellectime\",\"url\":\"https:\/\/intellectime.com.mx\/\",\"logo\":{\"@type\":\"ImageObject\",\"inLanguage\":\"es\",\"@id\":\"https:\/\/intellectime.com.mx\/#\/schema\/logo\/image\/\",\"url\":\"https:\/\/intellectime.com.mx\/wp-content\/uploads\/2023\/03\/Logo_Intellectime_single_small.png\",\"contentUrl\":\"https:\/\/intellectime.com.mx\/wp-content\/uploads\/2023\/03\/Logo_Intellectime_single_small.png\",\"width\":50,\"height\":50,\"caption\":\"Intellectime\"},\"image\":{\"@id\":\"https:\/\/intellectime.com.mx\/#\/schema\/logo\/image\/\"}}]}<\/script>\n<!-- \/ Yoast SEO plugin. -->","yoast_head_json":{"title":"Con\u00f3cenos - Intellectime","description":"Intellectime\u00a0es asesor\u00eda especializada en Propiedad Intelectual enfocada a la innovaci\u00f3n. Su misi\u00f3n es contribuir directamente al logro de invenciones competentes y competitivas brindando asesor\u00eda en dise\u00f1o de proyectos cient\u00edficos, as\u00ed como el tr\u00e1mite y gesti\u00f3n de patentes","robots":{"index":"index","follow":"follow","max-snippet":"max-snippet:-1","max-image-preview":"max-image-preview:large","max-video-preview":"max-video-preview:-1"},"canonical":"https:\/\/intellectime.com.mx\/?page_id=16","og_locale":"es_MX","og_type":"article","og_title":"Con\u00f3cenos - Intellectime","og_description":"Intellectime\u00a0es asesor\u00eda especializada en Propiedad Intelectual enfocada a la innovaci\u00f3n. Su misi\u00f3n es contribuir directamente al logro de invenciones competentes y competitivas brindando asesor\u00eda en dise\u00f1o de proyectos cient\u00edficos, as\u00ed como el tr\u00e1mite y gesti\u00f3n de patentes","og_url":"https:\/\/intellectime.com.mx\/?page_id=16","og_site_name":"Intellectime","article_modified_time":"2023-03-28T17:27:42+00:00","twitter_card":"summary_large_image","twitter_misc":{"Tiempo de lectura":"1 minuto"},"schema":{"@context":"https:\/\/schema.org","@graph":[{"@type":"WebPage","@id":"https:\/\/intellectime.com.mx\/?page_id=16","url":"https:\/\/intellectime.com.mx\/?page_id=16","name":"Con\u00f3cenos - Intellectime","isPartOf":{"@id":"https:\/\/intellectime.com.mx\/#website"},"datePublished":"2023-03-23T16:55:31+00:00","dateModified":"2023-03-28T17:27:42+00:00","description":"Intellectime\u00a0es asesor\u00eda especializada en Propiedad Intelectual enfocada a la innovaci\u00f3n. Su misi\u00f3n es contribuir directamente al logro de invenciones competentes y competitivas brindando asesor\u00eda en dise\u00f1o de proyectos cient\u00edficos, as\u00ed como el tr\u00e1mite y gesti\u00f3n de patentes","breadcrumb":{"@id":"https:\/\/intellectime.com.mx\/?page_id=16#breadcrumb"},"inLanguage":"es","potentialAction":[{"@type":"ReadAction","target":["https:\/\/intellectime.com.mx\/?page_id=16"]}]},{"@type":"BreadcrumbList","@id":"https:\/\/intellectime.com.mx\/?page_id=16#breadcrumb","itemListElement":[{"@type":"ListItem","position":1,"name":"Inicio","item":"https:\/\/intellectime.com.mx\/"},{"@type":"ListItem","position":2,"name":"Con\u00f3cenos"}]},{"@type":"WebSite","@id":"https:\/\/intellectime.com.mx\/#website","url":"https:\/\/intellectime.com.mx\/","name":"Intellectime","description":"Asesoria especializada en Propiedad Intelectual","publisher":{"@id":"https:\/\/intellectime.com.mx\/#organization"},"potentialAction":[{"@type":"SearchAction","target":{"@type":"EntryPoint","urlTemplate":"https:\/\/intellectime.com.mx\/?s={search_term_string}"},"query-input":"required name=search_term_string"}],"inLanguage":"es"},{"@type":"Organization","@id":"https:\/\/intellectime.com.mx\/#organization","name":"Intellectime","url":"https:\/\/intellectime.com.mx\/","logo":{"@type":"ImageObject","inLanguage":"es","@id":"https:\/\/intellectime.com.mx\/#\/schema\/logo\/image\/","url":"https:\/\/intellectime.com.mx\/wp-content\/uploads\/2023\/03\/Logo_Intellectime_single_small.png","contentUrl":"https:\/\/intellectime.com.mx\/wp-content\/uploads\/2023\/03\/Logo_Intellectime_single_small.png","width":50,"height":50,"caption":"Intellectime"},"image":{"@id":"https:\/\/intellectime.com.mx\/#\/schema\/logo\/image\/"}}]}},"_links":{"self":[{"href":"https:\/\/intellectime.com.mx\/index.php?rest_route=\/wp\/v2\/pages\/16","targetHints":{"allow":["GET"]}}],"collection":[{"href":"https:\/\/intellectime.com.mx\/index.php?rest_route=\/wp\/v2\/pages"}],"about":[{"href":"https:\/\/intellectime.com.mx\/index.php?rest_route=\/wp\/v2\/types\/page"}],"author":[{"embeddable":true,"href":"https:\/\/intellectime.com.mx\/index.php?rest_route=\/wp\/v2\/users\/1"}],"replies":[{"embeddable":true,"href":"https:\/\/intellectime.com.mx\/index.php?rest_route=%2Fwp%2Fv2%2Fcomments&post=16"}],"version-history":[{"count":3,"href":"https:\/\/intellectime.com.mx\/index.php?rest_route=\/wp\/v2\/pages\/16\/revisions"}],"predecessor-version":[{"id":39,"href":"https:\/\/intellectime.com.mx\/index.php?rest_route=\/wp\/v2\/pages\/16\/revisions\/39"}],"wp:attachment":[{"href":"https:\/\/intellectime.com.mx\/index.php?rest_route=%2Fwp%2Fv2%2Fmedia&parent=16"}],"curies":[{"name":"wp","href":"https:\/\/api.w.org\/{rel}","templated":true}]}}