{"id":6,"date":"2023-03-23T16:51:28","date_gmt":"2023-03-23T16:51:28","guid":{"rendered":"https:\/\/intellectime.com.mx\/?page_id=6"},"modified":"2023-03-30T21:42:03","modified_gmt":"2023-03-30T21:42:03","slug":"talleres","status":"publish","type":"page","link":"https:\/\/intellectime.com.mx\/?page_id=6","title":{"rendered":"Talleres"},"content":{"rendered":"\n<p>Hola, est\u00e1s interesado en aprender sobre Redacci\u00f3n de patentes? contestaci\u00f3n a requisitos del Instituto Mexicano de la Propiedad Industrial? y temas relacionados? En este apartado se estar\u00e1n publicando las fechas de los cursos y talleres.<\/p>\n\n\n\n<p><strong>Proximamente!<\/strong><\/p>\n","protected":false},"excerpt":{"rendered":"<p>Hola, est\u00e1s interesado en aprender sobre Redacci\u00f3n de patentes? contestaci\u00f3n a requisitos del Instituto Mexicano de la Propiedad Industrial? y temas relacionados? En este apartado se estar\u00e1n publicando las fechas de los cursos y talleres. Proximamente!<\/p>\n","protected":false},"author":1,"featured_media":0,"parent":0,"menu_order":0,"comment_status":"closed","ping_status":"closed","template":"","meta":{"footnotes":""},"class_list":["post-6","page","type-page","status-publish","hentry"],"yoast_head":"<!-- This site is optimized with the Yoast SEO plugin v20.8 - https:\/\/yoast.com\/wordpress\/plugins\/seo\/ -->\n<title>Talleres - Intellectime<\/title>\n<meta name=\"robots\" content=\"index, follow, max-snippet:-1, max-image-preview:large, max-video-preview:-1\" \/>\n<link rel=\"canonical\" href=\"https:\/\/intellectime.com.mx\/?page_id=6\" \/>\n<meta property=\"og:locale\" content=\"es_MX\" \/>\n<meta property=\"og:type\" content=\"article\" \/>\n<meta property=\"og:title\" content=\"Talleres - Intellectime\" \/>\n<meta property=\"og:description\" content=\"Hola, est\u00e1s interesado en aprender sobre Redacci\u00f3n de patentes? contestaci\u00f3n a requisitos del Instituto Mexicano de la Propiedad Industrial? y temas relacionados? En este apartado se estar\u00e1n publicando las fechas de los cursos y talleres. Proximamente!\" \/>\n<meta property=\"og:url\" content=\"https:\/\/intellectime.com.mx\/?page_id=6\" \/>\n<meta property=\"og:site_name\" content=\"Intellectime\" \/>\n<meta property=\"article:modified_time\" content=\"2023-03-30T21:42:03+00:00\" \/>\n<meta name=\"twitter:card\" content=\"summary_large_image\" \/>\n<meta name=\"twitter:label1\" content=\"Tiempo de lectura\" \/>\n\t<meta name=\"twitter:data1\" content=\"1 minuto\" \/>\n<script type=\"application\/ld+json\" class=\"yoast-schema-graph\">{\"@context\":\"https:\/\/schema.org\",\"@graph\":[{\"@type\":\"WebPage\",\"@id\":\"https:\/\/intellectime.com.mx\/?page_id=6\",\"url\":\"https:\/\/intellectime.com.mx\/?page_id=6\",\"name\":\"Talleres - Intellectime\",\"isPartOf\":{\"@id\":\"https:\/\/intellectime.com.mx\/#website\"},\"datePublished\":\"2023-03-23T16:51:28+00:00\",\"dateModified\":\"2023-03-30T21:42:03+00:00\",\"breadcrumb\":{\"@id\":\"https:\/\/intellectime.com.mx\/?page_id=6#breadcrumb\"},\"inLanguage\":\"es\",\"potentialAction\":[{\"@type\":\"ReadAction\",\"target\":[\"https:\/\/intellectime.com.mx\/?page_id=6\"]}]},{\"@type\":\"BreadcrumbList\",\"@id\":\"https:\/\/intellectime.com.mx\/?page_id=6#breadcrumb\",\"itemListElement\":[{\"@type\":\"ListItem\",\"position\":1,\"name\":\"Inicio\",\"item\":\"https:\/\/intellectime.com.mx\/\"},{\"@type\":\"ListItem\",\"position\":2,\"name\":\"Talleres\"}]},{\"@type\":\"WebSite\",\"@id\":\"https:\/\/intellectime.com.mx\/#website\",\"url\":\"https:\/\/intellectime.com.mx\/\",\"name\":\"Intellectime\",\"description\":\"Asesoria especializada en Propiedad Intelectual\",\"publisher\":{\"@id\":\"https:\/\/intellectime.com.mx\/#organization\"},\"potentialAction\":[{\"@type\":\"SearchAction\",\"target\":{\"@type\":\"EntryPoint\",\"urlTemplate\":\"https:\/\/intellectime.com.mx\/?s={search_term_string}\"},\"query-input\":\"required name=search_term_string\"}],\"inLanguage\":\"es\"},{\"@type\":\"Organization\",\"@id\":\"https:\/\/intellectime.com.mx\/#organization\",\"name\":\"Intellectime\",\"url\":\"https:\/\/intellectime.com.mx\/\",\"logo\":{\"@type\":\"ImageObject\",\"inLanguage\":\"es\",\"@id\":\"https:\/\/intellectime.com.mx\/#\/schema\/logo\/image\/\",\"url\":\"https:\/\/intellectime.com.mx\/wp-content\/uploads\/2023\/03\/Logo_Intellectime_single_small.png\",\"contentUrl\":\"https:\/\/intellectime.com.mx\/wp-content\/uploads\/2023\/03\/Logo_Intellectime_single_small.png\",\"width\":50,\"height\":50,\"caption\":\"Intellectime\"},\"image\":{\"@id\":\"https:\/\/intellectime.com.mx\/#\/schema\/logo\/image\/\"}}]}<\/script>\n<!-- \/ Yoast SEO plugin. -->","yoast_head_json":{"title":"Talleres - Intellectime","robots":{"index":"index","follow":"follow","max-snippet":"max-snippet:-1","max-image-preview":"max-image-preview:large","max-video-preview":"max-video-preview:-1"},"canonical":"https:\/\/intellectime.com.mx\/?page_id=6","og_locale":"es_MX","og_type":"article","og_title":"Talleres - Intellectime","og_description":"Hola, est\u00e1s interesado en aprender sobre Redacci\u00f3n de patentes? contestaci\u00f3n a requisitos del Instituto Mexicano de la Propiedad Industrial? y temas relacionados? En este apartado se estar\u00e1n publicando las fechas de los cursos y talleres. Proximamente!","og_url":"https:\/\/intellectime.com.mx\/?page_id=6","og_site_name":"Intellectime","article_modified_time":"2023-03-30T21:42:03+00:00","twitter_card":"summary_large_image","twitter_misc":{"Tiempo de lectura":"1 minuto"},"schema":{"@context":"https:\/\/schema.org","@graph":[{"@type":"WebPage","@id":"https:\/\/intellectime.com.mx\/?page_id=6","url":"https:\/\/intellectime.com.mx\/?page_id=6","name":"Talleres - Intellectime","isPartOf":{"@id":"https:\/\/intellectime.com.mx\/#website"},"datePublished":"2023-03-23T16:51:28+00:00","dateModified":"2023-03-30T21:42:03+00:00","breadcrumb":{"@id":"https:\/\/intellectime.com.mx\/?page_id=6#breadcrumb"},"inLanguage":"es","potentialAction":[{"@type":"ReadAction","target":["https:\/\/intellectime.com.mx\/?page_id=6"]}]},{"@type":"BreadcrumbList","@id":"https:\/\/intellectime.com.mx\/?page_id=6#breadcrumb","itemListElement":[{"@type":"ListItem","position":1,"name":"Inicio","item":"https:\/\/intellectime.com.mx\/"},{"@type":"ListItem","position":2,"name":"Talleres"}]},{"@type":"WebSite","@id":"https:\/\/intellectime.com.mx\/#website","url":"https:\/\/intellectime.com.mx\/","name":"Intellectime","description":"Asesoria especializada en Propiedad Intelectual","publisher":{"@id":"https:\/\/intellectime.com.mx\/#organization"},"potentialAction":[{"@type":"SearchAction","target":{"@type":"EntryPoint","urlTemplate":"https:\/\/intellectime.com.mx\/?s={search_term_string}"},"query-input":"required name=search_term_string"}],"inLanguage":"es"},{"@type":"Organization","@id":"https:\/\/intellectime.com.mx\/#organization","name":"Intellectime","url":"https:\/\/intellectime.com.mx\/","logo":{"@type":"ImageObject","inLanguage":"es","@id":"https:\/\/intellectime.com.mx\/#\/schema\/logo\/image\/","url":"https:\/\/intellectime.com.mx\/wp-content\/uploads\/2023\/03\/Logo_Intellectime_single_small.png","contentUrl":"https:\/\/intellectime.com.mx\/wp-content\/uploads\/2023\/03\/Logo_Intellectime_single_small.png","width":50,"height":50,"caption":"Intellectime"},"image":{"@id":"https:\/\/intellectime.com.mx\/#\/schema\/logo\/image\/"}}]}},"_links":{"self":[{"href":"https:\/\/intellectime.com.mx\/index.php?rest_route=\/wp\/v2\/pages\/6","targetHints":{"allow":["GET"]}}],"collection":[{"href":"https:\/\/intellectime.com.mx\/index.php?rest_route=\/wp\/v2\/pages"}],"about":[{"href":"https:\/\/intellectime.com.mx\/index.php?rest_route=\/wp\/v2\/types\/page"}],"author":[{"embeddable":true,"href":"https:\/\/intellectime.com.mx\/index.php?rest_route=\/wp\/v2\/users\/1"}],"replies":[{"embeddable":true,"href":"https:\/\/intellectime.com.mx\/index.php?rest_route=%2Fwp%2Fv2%2Fcomments&post=6"}],"version-history":[{"count":3,"href":"https:\/\/intellectime.com.mx\/index.php?rest_route=\/wp\/v2\/pages\/6\/revisions"}],"predecessor-version":[{"id":66,"href":"https:\/\/intellectime.com.mx\/index.php?rest_route=\/wp\/v2\/pages\/6\/revisions\/66"}],"wp:attachment":[{"href":"https:\/\/intellectime.com.mx\/index.php?rest_route=%2Fwp%2Fv2%2Fmedia&parent=6"}],"curies":[{"name":"wp","href":"https:\/\/api.w.org\/{rel}","templated":true}]}}